{"id":130,"date":"2026-03-06T12:54:36","date_gmt":"2026-03-06T12:54:36","guid":{"rendered":"https:\/\/dev.miecinc.ca\/?page_id=130"},"modified":"2026-03-06T12:54:36","modified_gmt":"2026-03-06T12:54:36","slug":"notre-compagnie","status":"publish","type":"page","link":"https:\/\/dev.miecinc.ca\/?page_id=130","title":{"rendered":"Notre compagnie"},"content":{"rendered":"<div class=\"wpb-content-wrapper\"><p>[vc_row full_width=&#8221;stretch_row&#8221; kd_image_overlay_color=&#8221;#00000091&#8243; kd_fixed_background=&#8221;true&#8221; kd_image_overlay=&#8221;true&#8221; css=&#8221;.vc_custom_1772800105013{padding-top: 280px !important;padding-bottom: 150px !important;background-image: url(http:\/\/dev.miecinc.ca\/wp-content\/uploads\/2026\/01\/iStock-154368811-smaller.jpg?id=41) !important;background-position: center !important;background-repeat: no-repeat !important;background-size: cover !important;}&#8221;][vc_column]<header class=\"kd-section-title col-lg-12 text-center    \" ><h1 class=\"separator_off\" style=\"color: #FFFFFF;font-size: 60px;\">Notre compagnie<\/h1><\/header>[\/vc_column][\/vc_row][vc_row full_width=&#8221;stretch_row&#8221; css=&#8221;.vc_custom_1515593633102{padding-top: 100px !important;padding-bottom: 100px !important;}&#8221;][vc_column width=&#8221;1\/2&#8243; offset=&#8221;vc_col-lg-6 vc_col-md-12&#8243;][vc_single_image image=&#8221;34&#8243; img_size=&#8221;large&#8221; css=&#8221;&#8221;][vc_row_inner css=&#8221;.vc_custom_1539591907369{margin-top: 30px !important;}&#8221;][vc_column_inner width=&#8221;5\/6&#8243; css=&#8221;.vc_custom_1541520012278{padding-right: 0px !important;padding-left: 0px !important;}&#8221; offset=&#8221;vc_col-lg-offset-0 vc_col-lg-10 vc_col-md-offset-1 vc_col-md-10 vc_col-sm-offset-0&#8243;]<header class=\"kd-section-title col-lg-12 text-left  kd-animated fadeIn  \" data-animation-delay=200><h2 class=\"separator_off\" >Qui sommes-nous?<\/h2><\/header>[vc_column_text css=&#8221;&#8221;]Miec est un atelier d\u2019usinage \u00e0 gestion familiale dans lequel nous travaillons sans rel\u00e2che pour cr\u00e9er une culture de professionnalisme et de qualit\u00e9. Nous sommes situ\u00e9s \u00e0 Granby dans la Mont\u00e9r\u00e9gie et notre client\u00e8le s\u2019\u00e9tend bien au-del\u00e0 de notre r\u00e9gion imm\u00e9diate!<\/p>\n<p>Forts de 15 ann\u00e9es d\u2019exp\u00e9rience, nous pouvons fournir des services sp\u00e9cialis\u00e9s d\u2019atelier de fabrication, y compris la reconstruction, la fabrication, la soudure et la r\u00e9paration de pi\u00e8ces m\u00e9caniques.[\/vc_column_text][\/vc_column_inner][vc_column_inner width=&#8221;1\/6&#8243; offset=&#8221;vc_hidden-md vc_hidden-sm vc_hidden-xs&#8221;][\/vc_column_inner][\/vc_row_inner][vc_row_inner css=&#8221;.vc_custom_1513613877158{margin-top: 10px !important;margin-bottom: 35px !important;}&#8221;][vc_column_inner][\/vc_column_inner][vc_column_inner][vc_empty_space]<div class=\"key-icon-box icon-default icon-left cont-center ib-no-effect\" style=\"background-color: transparent;\" ><i class=\"iconsmind-Bar-Chart iconsmind-Business-Finance\" style=\" color: #1E73BE;\"><\/i> <h5 class=\"service-heading\" >Sp\u00e9cialis\u00e9<\/h5><p style=\"color: #444444;\">Si vous avez une exigence de production cl\u00e9 en main ou un lot de pi\u00e8ces en attente d\u2019usinage, nous sommes pr\u00eats \u00e0 vous servir!<\/p><\/div>[vc_empty_space]<div class=\"key-icon-box icon-default icon-left cont-center ib-no-effect\" style=\"background-color: transparent;\" ><i class=\"iconsmind-Line-Chart2 iconsmind-Business-Finance\" style=\" color: #1E73BE;\"><\/i> <h5 class=\"service-heading\" >Reconnue<\/h5><p style=\"color: #444444;\">MIEC s\u2019est vite fait conna\u00eetre par l\u2019excellence de sa production et de son service \u00e0 la client\u00e8le professionnelle.<\/p><\/div>[\/vc_column_inner][\/vc_row_inner][vc_row_inner css=&#8221;.vc_custom_1522314825805{padding-left: 0px !important;}&#8221;][vc_column_inner css=&#8221;.vc_custom_1541519966835{margin-bottom: 20px !important;padding-left: 0px !important;}&#8221; offset=&#8221;vc_col-lg-offset-0 vc_col-md-offset-1 vc_col-sm-offset-0&#8243;]<a  href=\"https:\/\/dev.miecinc.ca\/contact\"  target=\"_self\"  title=\"\" class=\"tt_button tt_secondary_button btn_primary_color  pull-left button-action-link  kd-animated zoomIn\" data-animation-delay=200><span class=\"prim_text\">Nous joindre<\/span><\/a>[\/vc_column_inner][\/vc_row_inner][\/vc_column][vc_column width=&#8221;1\/2&#8243; css=&#8221;.vc_custom_1539591979391{padding-left: 0px !important;}&#8221; offset=&#8221;vc_col-lg-6 vc_col-md-12&#8243;][vc_single_image image=&#8221;42&#8243; img_size=&#8221;large&#8221; alignment=&#8221;center&#8221; css_animation=&#8221;fadeIn&#8221; css=&#8221;.vc_custom_1769181486557{margin-bottom: 0px !important;}&#8221;][\/vc_column][\/vc_row][vc_row full_width=&#8221;stretch_row&#8221; css=&#8221;.vc_custom_1772800307980{background-position: center !important;background-repeat: no-repeat !important;background-size: cover !important;}&#8221;][vc_column][vc_row_inner css=&#8221;.vc_custom_1539608429392{padding-top: 40px !important;}&#8221;][vc_column_inner]\r\n            <div class=\"kd-process-steps process_three_elem process-checkbox-template \">\r\n                <ul>\r\n                <li class=\"pss-item kd-animated fadeIn \"  >\r\n                    <div class=\"pss-container\"><div class=\"pss-step-number\"><span >1<\/span><\/div><div class=\"pss-text-area\">\r\n                            <h5 ><\/h5>\r\n                            <p >Nous r\u00e9alisons des productions \u00e0 petite et grande \u00e9chelle ainsi que des pi\u00e8ces prototypes. Nos machines \u00e0 commande num\u00e9rique conviennent au tournage et au fraisage en utilisant la programmation Mastercam sur ordinateur. Nous travaillons avec l'aluminium, l'acier inoxydable, le cuivre, le laiton, les mat\u00e9riaux trait\u00e9s thermiquement, les barres pleines et rondes, les tubes, les plastiques, la fonte et plus.<\/p><\/div>\r\n                    <\/div>\r\n                <\/li>\r\n                <li class=\"pss-item kd-animated fadeIn \"  data-animation-delay=200>\r\n                    <div class=\"pss-container\"><div class=\"pss-step-number\"><span >2<\/span><\/div><div class=\"pss-text-area\">\r\n                            <h5 ><\/h5>\r\n                            <p >Nous nous sommes engag\u00e9s \u00e0 \u00eatre un atelier d'usinage de pr\u00e9cision. Pour ce faire, nous fournirons \u00e0 nos clients un produit d'une qualit\u00e9 exceptionnelle, tout en maintenant un calendrier de livraison flexible et adapt\u00e9 \u00e0 leurs besoins. Nous valoriserons nos relations avec nos clients et nos employ\u00e9s et nous continuerons \u00e0 nous adapter et \u00e0 r\u00e9pondre \u00e0 leurs besoins en constante \u00e9volution avec honn\u00eatet\u00e9 et int\u00e9grit\u00e9.<\/p><\/div>\r\n                    <\/div>\r\n                <\/li>\r\n                <li class=\"pss-item kd-animated fadeIn \"  data-animation-delay=400>\r\n                    <div class=\"pss-container\"><div class=\"pss-step-number\"><span >3<\/span><\/div><div class=\"pss-text-area\">\r\n                            <h5 ><\/h5>\r\n                            <p >Nous portons un regard critique sur la conception et la fonctionnalit\u00e9 des pi\u00e8ces que nous produisons. Nous prenons le temps n\u00e9cessaire pour rechercher des \u00e9conomies de co\u00fbts et une efficacit\u00e9 optimale \u00e0 la fois dans nos processus et dans l'int\u00e9gration de la pi\u00e8ce dans l'assemblage final, ainsi que sur les performances de la pi\u00e8ce dans son application finale.<\/p><\/div>\r\n                    <\/div>\r\n                <\/li><\/ul>\r\n            <\/div>[\/vc_column_inner][\/vc_row_inner]<div id=\"ultimate-ribbon-765069ee0a65bd9cf\" class=\"ultr-ribbon  ult-adjust-bottom-margin ultimate-ribbon-765069ee0a65bd9cf \"><div class=\"ult-ribbon-wrap\" style= \"text-align:center;\">\n\t\t\t\t\t<h1 class=\"ult-ribbon auto media-width\" style=\"\">\n\t\t\t\t\t\t<span class=\"ult-left-ribb small yes\" style= \"\"><i class=\"none\" style=\"\"><\/i><\/span>\n\t\t\t\t\t\t<span class=\"ult-ribbon-text small\" style= \"\"><div class=\"ult-ribbon-stitches-top\"><\/div><span class=\"ult-ribbon-text-title ult-responsive\"  data-ultimate-target='.ultimate-ribbon-765069ee0a65bd9cf .ult-ribbon-text-title'  data-responsive-json-new='{\"font-size\":\"\",\"line-height\":\"\"}'  style=\"font-weight:normal; color:#000000; text-transform: unset; \">Nous sommes LA source pour tous vos besoins d\u2019usinage<\/span><div class=\"ult-ribbon-stitches-bottom\"><\/div><\/span><span class=\"ult-right-ribb  small yes\" style= \"\"><i class=\"none\" style=\"\"><\/i><\/span>\n\t\t\t\t\t<\/h1>\n\t\t\t\t<\/div><\/div>[\/vc_column][\/vc_row]<\/p>\n<\/div>","protected":false},"excerpt":{"rendered":"<p>[vc_row full_width=&#8221;stretch_row&#8221; kd_image_overlay_color=&#8221;#00000091&#8243; kd_fixed_background=&#8221;true&#8221; kd_image_overlay=&#8221;true&#8221; css=&#8221;.vc_custom_1772800105013{padding-top: 280px !important;padding-bottom: 150px !important;background-image: url(http:\/\/dev.miecinc.ca\/wp-content\/uploads\/2026\/01\/iStock-154368811-smaller.jpg?id=41) !important;background-position: center !important;background-repeat: no-repeat !important;background-size: cover !important;}&#8221;][vc_column][\/vc_column][\/vc_row][vc_row full_width=&#8221;stretch_row&#8221; css=&#8221;.vc_custom_1515593633102{padding-top: [&hellip;]<\/p>\n","protected":false},"author":1,"featured_media":0,"parent":0,"menu_order":0,"comment_status":"closed","ping_status":"closed","template":"","meta":{"footnotes":""},"class_list":["post-130","page","type-page","status-publish","hentry"],"_links":{"self":[{"href":"https:\/\/dev.miecinc.ca\/index.php?rest_route=\/wp\/v2\/pages\/130","targetHints":{"allow":["GET"]}}],"collection":[{"href":"https:\/\/dev.miecinc.ca\/index.php?rest_route=\/wp\/v2\/pages"}],"about":[{"href":"https:\/\/dev.miecinc.ca\/index.php?rest_route=\/wp\/v2\/types\/page"}],"author":[{"embeddable":true,"href":"https:\/\/dev.miecinc.ca\/index.php?rest_route=\/wp\/v2\/users\/1"}],"replies":[{"embeddable":true,"href":"https:\/\/dev.miecinc.ca\/index.php?rest_route=%2Fwp%2Fv2%2Fcomments&post=130"}],"version-history":[{"count":46,"href":"https:\/\/dev.miecinc.ca\/index.php?rest_route=\/wp\/v2\/pages\/130\/revisions"}],"predecessor-version":[{"id":208,"href":"https:\/\/dev.miecinc.ca\/index.php?rest_route=\/wp\/v2\/pages\/130\/revisions\/208"}],"wp:attachment":[{"href":"https:\/\/dev.miecinc.ca\/index.php?rest_route=%2Fwp%2Fv2%2Fmedia&parent=130"}],"curies":[{"name":"wp","href":"https:\/\/api.w.org\/{rel}","templated":true}]}}