{"id":132,"date":"2026-03-06T12:54:15","date_gmt":"2026-03-06T12:54:15","guid":{"rendered":"https:\/\/dev.miecinc.ca\/?page_id=132"},"modified":"2026-03-06T12:54:15","modified_gmt":"2026-03-06T12:54:15","slug":"nos-services","status":"publish","type":"page","link":"https:\/\/dev.miecinc.ca\/?page_id=132","title":{"rendered":"Nos services"},"content":{"rendered":"<div class=\"wpb-content-wrapper\"><p>[vc_row full_width=&#8221;stretch_row&#8221; full_height=&#8221;yes&#8221; kd_image_overlay_color=&#8221;#00000075&#8243; kd_image_overlay=&#8221;true&#8221; css=&#8221;.vc_custom_1772733014870{padding-top: 280px !important;padding-bottom: 150px !important;background-image: url(http:\/\/dev.miecinc.ca\/wp-content\/uploads\/2026\/03\/man-working-steel-fatory-equipment-steel-production-scaled.jpg?id=126) !important;background-position: center !important;background-repeat: no-repeat !important;background-size: cover !important;}&#8221; row_title=&#8221;Nos services&#8221; top_section_title=&#8221;&#8221; bottom_section_title=&#8221;&#8221;][vc_column]<header class=\"kd-section-title col-lg-12 text-center    \" ><h2 class=\"separator_off\" style=\"color: #FFFFFF;font-size: 60px;\">Nos services<\/h2><\/header>[\/vc_column][\/vc_row][vc_row full_width=&#8221;stretch_row&#8221; css=&#8221;.vc_custom_1515593633102{padding-top: 100px !important;padding-bottom: 100px !important;}&#8221;][vc_column width=&#8221;1\/2&#8243; offset=&#8221;vc_col-lg-6 vc_col-md-12&#8243;][vc_row_inner css=&#8221;.vc_custom_1539591907369{margin-top: 30px !important;}&#8221;][vc_column_inner width=&#8221;5\/6&#8243; css=&#8221;.vc_custom_1541520012278{padding-right: 0px !important;padding-left: 0px !important;}&#8221; offset=&#8221;vc_col-lg-offset-0 vc_col-lg-10 vc_col-md-offset-1 vc_col-md-10 vc_col-sm-offset-0&#8243;]<header class=\"kd-section-title col-lg-12 text-left  kd-animated fadeIn  \" data-animation-delay=200><h2 class=\"separator_off\" >Nos Services<\/h2><h6 class=\"subtitle \" >Notre atelier d'usinage est un ensemble de services; lorsque vous nous envoyez un travail, nous mettons tout en \u0153uvre pour mener \u00e0 bien votre projet en fonction de vos exigences. Cela peut inclure l'ing\u00e9nierie, la soudure, la d\u00e9coupe, le meulage, le traitement thermique, le rev\u00eatement ou tout autre travail secondaire effectu\u00e9 par notre atelier d'usinage par nos machinistes exp\u00e9riment\u00e9s et bien form\u00e9s ou par notre vaste r\u00e9seau de partenaires approuv\u00e9s et de confiance.<\/h6><\/header>[\/vc_column_inner][vc_column_inner width=&#8221;1\/6&#8243; offset=&#8221;vc_hidden-md vc_hidden-sm vc_hidden-xs&#8221;][\/vc_column_inner][\/vc_row_inner][vc_row_inner css=&#8221;.vc_custom_1513613877158{margin-top: 10px !important;margin-bottom: 35px !important;}&#8221;][vc_column_inner width=&#8221;1\/2&#8243; css=&#8221;.vc_custom_1522313756272{padding-left: 0px !important;}&#8221; offset=&#8221;vc_col-lg-offset-0 vc_col-lg-6 vc_col-md-offset-1 vc_col-md-4 vc_col-xs-12&#8243;][vc_column_text css_animation=&#8221;fadeIn&#8221; css=&#8221;&#8221;]<\/p>\n<ul>\n<li>Usinage CNC<\/li>\n<li>Usinage conventionnel<\/li>\n<li>D\u00e9grossissage avant finition<\/li>\n<li>Soudure<\/li>\n<li>D\u00e9coupe au laser, plasma et jet d\u2019eau<\/li>\n<\/ul>\n<p>[\/vc_column_text][\/vc_column_inner][vc_column_inner width=&#8221;1\/2&#8243; offset=&#8221;vc_col-lg-6 vc_col-md-6 vc_col-xs-12&#8243; css=&#8221;.vc_custom_1522313619560{margin-left: -50px !important;}&#8221;][vc_column_text css_animation=&#8221;fadeIn&#8221; css=&#8221;&#8221;]<\/p>\n<ul>\n<li>Assemblage<\/li>\n<li>Recouvrement<\/li>\n<li>Placage \/ Traitement thermique<\/li>\n<li>Pliage<\/li>\n<\/ul>\n<p>[\/vc_column_text][\/vc_column_inner][\/vc_row_inner][vc_row_inner css=&#8221;.vc_custom_1522314825805{padding-left: 0px !important;}&#8221;][vc_column_inner css=&#8221;.vc_custom_1541519966835{margin-bottom: 20px !important;padding-left: 0px !important;}&#8221; offset=&#8221;vc_col-lg-offset-0 vc_col-md-offset-1 vc_col-sm-offset-0&#8243;]<a  href=\"https:\/\/dev.miecinc.ca\/#nousjoindre\"  target=\"_self\"  title=\"Accueil\" class=\"tt_button tt_secondary_button btn_primary_color  pull-left button-action-link  kd-animated zoomIn\" data-animation-delay=200><span class=\"prim_text\">Nous joindre<\/span><\/a>[\/vc_column_inner][\/vc_row_inner][\/vc_column][vc_column width=&#8221;1\/2&#8243; css=&#8221;.vc_custom_1539591979391{padding-left: 0px !important;}&#8221; offset=&#8221;vc_col-lg-6 vc_col-md-12&#8243;][vc_single_image image=&#8221;122&#8243; img_size=&#8221;large&#8221; alignment=&#8221;center&#8221; css_animation=&#8221;fadeIn&#8221; css=&#8221;.vc_custom_1772731069160{margin-bottom: 0px !important;}&#8221;][\/vc_column][\/vc_row]<\/p>\n<\/div>","protected":false},"excerpt":{"rendered":"<p>[vc_row full_width=&#8221;stretch_row&#8221; full_height=&#8221;yes&#8221; kd_image_overlay_color=&#8221;#00000075&#8243; kd_image_overlay=&#8221;true&#8221; css=&#8221;.vc_custom_1772733014870{padding-top: 280px !important;padding-bottom: 150px !important;background-image: url(http:\/\/dev.miecinc.ca\/wp-content\/uploads\/2026\/03\/man-working-steel-fatory-equipment-steel-production-scaled.jpg?id=126) !important;background-position: center !important;background-repeat: no-repeat !important;background-size: cover !important;}&#8221; row_title=&#8221;Nos services&#8221; [&hellip;]<\/p>\n","protected":false},"author":1,"featured_media":0,"parent":0,"menu_order":0,"comment_status":"closed","ping_status":"closed","template":"","meta":{"footnotes":""},"class_list":["post-132","page","type-page","status-publish","hentry"],"_links":{"self":[{"href":"https:\/\/dev.miecinc.ca\/index.php?rest_route=\/wp\/v2\/pages\/132","targetHints":{"allow":["GET"]}}],"collection":[{"href":"https:\/\/dev.miecinc.ca\/index.php?rest_route=\/wp\/v2\/pages"}],"about":[{"href":"https:\/\/dev.miecinc.ca\/index.php?rest_route=\/wp\/v2\/types\/page"}],"author":[{"embeddable":true,"href":"https:\/\/dev.miecinc.ca\/index.php?rest_route=\/wp\/v2\/users\/1"}],"replies":[{"embeddable":true,"href":"https:\/\/dev.miecinc.ca\/index.php?rest_route=%2Fwp%2Fv2%2Fcomments&post=132"}],"version-history":[{"count":12,"href":"https:\/\/dev.miecinc.ca\/index.php?rest_route=\/wp\/v2\/pages\/132\/revisions"}],"predecessor-version":[{"id":150,"href":"https:\/\/dev.miecinc.ca\/index.php?rest_route=\/wp\/v2\/pages\/132\/revisions\/150"}],"wp:attachment":[{"href":"https:\/\/dev.miecinc.ca\/index.php?rest_route=%2Fwp%2Fv2%2Fmedia&parent=132"}],"curies":[{"name":"wp","href":"https:\/\/api.w.org\/{rel}","templated":true}]}}