{"id":137,"date":"2026-03-06T12:54:57","date_gmt":"2026-03-06T12:54:57","guid":{"rendered":"https:\/\/dev.miecinc.ca\/?page_id=137"},"modified":"2026-03-06T12:54:57","modified_gmt":"2026-03-06T12:54:57","slug":"secteur-dactivites","status":"publish","type":"page","link":"https:\/\/dev.miecinc.ca\/?page_id=137","title":{"rendered":"Secteur d&#8217;activit\u00e9s"},"content":{"rendered":"<div class=\"wpb-content-wrapper\"><p>[vc_row full_width=&#8221;stretch_row&#8221; kd_image_overlay_color=&#8221;#00000000&#8243; kd_fixed_background=&#8221;true&#8221; kd_image_overlay=&#8221;true&#8221; css=&#8221;.vc_custom_1771346770850{padding-top: 280px !important;padding-bottom: 150px !important;background-image: url(http:\/\/dev.miecinc.ca\/wp-content\/uploads\/2026\/01\/iStock-154368811-smaller.jpg?id=41) !important;background-position: center !important;background-repeat: no-repeat !important;background-size: cover !important;}&#8221;][vc_column width=&#8221;1\/2&#8243; css=&#8221;.vc_custom_1771346819092{padding-right: 50px !important;background-color: #FFFFFF96 !important;}&#8221; offset=&#8221;vc_col-lg-6 vc_col-md-12&#8243;]<header class=\"kd-section-title col-lg-12 text-center    \" ><h1 class=\"separator_off\" style=\"color: #575756;font-size: 60px;\">Atelier d'usinage<\/h1><\/header><ul class=\"kd-icon-list\" ><li class=\"kd-icon-list-item topDescription\"><div class=\"kd-icon-wrapper \" ><\/div><span class=\"kd-list-text\" style=\"color: #444444;\"><\/p>\n<ul>\n<li>Usinage CNC<\/li>\n<li>Usinage conventionnel<\/li>\n<li>M\u00e9canique industrielle<\/li>\n<li>Sous-traitance industrielle<\/li>\n<li>Projets cl\u00e9 en main ou en lot<\/li>\n<\/ul>\n<p><\/li><\/ul>[vc_empty_space height=&#8221;40px&#8221;][vc_btn title=&#8221;Demande de soumission&#8221; color=&#8221;blue&#8221; align=&#8221;left&#8221; css=&#8221;&#8221; link=&#8221;url:https%3A%2F%2Fdev.miecinc.ca%2F%23soumission|rel:nofollow&#8221;][\/vc_column][vc_column width=&#8221;1\/6&#8243;][\/vc_column][vc_column width=&#8221;1\/3&#8243; offset=&#8221;vc_col-lg-4 vc_col-md-12&#8243;][\/vc_column][\/vc_row][vc_row full_width=&#8221;stretch_row&#8221; css=&#8221;.vc_custom_1515593633102{padding-top: 100px !important;padding-bottom: 100px !important;}&#8221;][vc_column width=&#8221;1\/2&#8243; offset=&#8221;vc_col-lg-6 vc_col-md-12&#8243;][vc_row_inner css=&#8221;.vc_custom_1539591907369{margin-top: 30px !important;}&#8221;][vc_column_inner width=&#8221;5\/6&#8243; css=&#8221;.vc_custom_1541520012278{padding-right: 0px !important;padding-left: 0px !important;}&#8221; offset=&#8221;vc_col-lg-offset-0 vc_col-lg-10 vc_col-md-offset-1 vc_col-md-10 vc_col-sm-offset-0&#8243;]<header class=\"kd-section-title col-lg-12 text-left  kd-animated fadeIn  \" data-animation-delay=200><h2 class=\"separator_off\" >Qui sommes-nous?<\/h2><\/header>[vc_column_text css=&#8221;&#8221;]Miec est un atelier d\u2019usinage \u00e0 gestion familiale dans lequel nous travaillons sans rel\u00e2che pour cr\u00e9er une culture de professionnalisme et de qualit\u00e9. Nous sommes situ\u00e9s \u00e0 Granby dans la Mont\u00e9r\u00e9gie et notre client\u00e8le s\u2019\u00e9tend bien au-del\u00e0 de notre r\u00e9gion imm\u00e9diate!<\/p>\n<p>&nbsp;<\/p>\n<p>Forts de 15 ann\u00e9es d\u2019exp\u00e9rience, nous pouvons fournir des services sp\u00e9cialis\u00e9s d\u2019atelier de fabrication, y compris la reconstruction, la fabrication, la soudure et la r\u00e9paration de pi\u00e8ces m\u00e9caniques.[\/vc_column_text][\/vc_column_inner][vc_column_inner width=&#8221;1\/6&#8243; offset=&#8221;vc_hidden-md vc_hidden-sm vc_hidden-xs&#8221;][\/vc_column_inner][\/vc_row_inner][vc_row_inner css=&#8221;.vc_custom_1513613877158{margin-top: 10px !important;margin-bottom: 35px !important;}&#8221;][vc_column_inner][\/vc_column_inner][vc_column_inner][vc_empty_space]<div class=\"key-icon-box icon-default icon-left cont-center ib-no-effect\" style=\"background-color: transparent;\" ><i class=\"iconsmind-Bar-Chart iconsmind-Business-Finance\" style=\" color: #1E73BE;\"><\/i> <h5 class=\"service-heading\" >Sp\u00e9cialis\u00e9<\/h5><p style=\"color: #444444;\">Si vous avez une exigence de production cl\u00e9 en main ou un lot de pi\u00e8ces en attente d\u2019usinage, nous sommes pr\u00eats \u00e0 vous servir!<\/p><\/div>[vc_empty_space]<div class=\"key-icon-box icon-default icon-left cont-center ib-no-effect\" style=\"background-color: transparent;\" ><i class=\"iconsmind-Line-Chart2 iconsmind-Business-Finance\" style=\" color: #1E73BE;\"><\/i> <h5 class=\"service-heading\" >Reconnue<\/h5><p style=\"color: #444444;\">MIEC s\u2019est vite fait conna\u00eetre par l\u2019excellence de sa production et de son service \u00e0 la client\u00e8le professionnelle.<\/p><\/div>[\/vc_column_inner][\/vc_row_inner][vc_row_inner css=&#8221;.vc_custom_1522314825805{padding-left: 0px !important;}&#8221;][vc_column_inner css=&#8221;.vc_custom_1541519966835{margin-bottom: 20px !important;padding-left: 0px !important;}&#8221; offset=&#8221;vc_col-lg-offset-0 vc_col-md-offset-1 vc_col-sm-offset-0&#8243;]<a  href=\"http:\/\/keydesign-themes.com\/etalon\/dentist\/contact-us\/\"  target=\"_self\"  title=\"\" class=\"tt_button tt_secondary_button btn_primary_color  pull-left button-action-link  kd-animated zoomIn\" data-animation-delay=200><span class=\"prim_text\">Contact us<\/span><\/a>[\/vc_column_inner][\/vc_row_inner][\/vc_column][vc_column width=&#8221;1\/2&#8243; css=&#8221;.vc_custom_1539591979391{padding-left: 0px !important;}&#8221; offset=&#8221;vc_col-lg-6 vc_col-md-12&#8243;][vc_single_image image=&#8221;42&#8243; img_size=&#8221;large&#8221; alignment=&#8221;center&#8221; css_animation=&#8221;fadeIn&#8221; css=&#8221;.vc_custom_1769181486557{margin-bottom: 0px !important;}&#8221;][\/vc_column][\/vc_row][vc_row full_width=&#8221;stretch_row&#8221; css=&#8221;.vc_custom_1515593633102{padding-top: 100px !important;padding-bottom: 100px !important;}&#8221;][vc_column width=&#8221;1\/2&#8243; offset=&#8221;vc_col-lg-6 vc_col-md-12&#8243;][vc_row_inner css=&#8221;.vc_custom_1539591907369{margin-top: 30px !important;}&#8221;][vc_column_inner width=&#8221;5\/6&#8243; css=&#8221;.vc_custom_1541520012278{padding-right: 0px !important;padding-left: 0px !important;}&#8221; offset=&#8221;vc_col-lg-offset-0 vc_col-lg-10 vc_col-md-offset-1 vc_col-md-10 vc_col-sm-offset-0&#8243;]<header class=\"kd-section-title col-lg-12 text-left  kd-animated fadeIn  \" data-animation-delay=200><h2 class=\"separator_off\" >Nos Services<\/h2><h6 class=\"subtitle \" >Notre atelier d'usinage est un ensemble de services; lorsque vous nous envoyez un travail, nous mettons tout en \u0153uvre pour mener \u00e0 bien votre projet en fonction de vos exigences. Cela peut inclure l'ing\u00e9nierie, la soudure, la d\u00e9coupe, le meulage, le traitement thermique, le rev\u00eatement ou tout autre travail secondaire effectu\u00e9 par notre atelier d'usinage par nos machinistes exp\u00e9riment\u00e9s et bien form\u00e9s ou par notre vaste r\u00e9seau de partenaires approuv\u00e9s et de confiance.<\/h6><\/header>[\/vc_column_inner][vc_column_inner width=&#8221;1\/6&#8243; offset=&#8221;vc_hidden-md vc_hidden-sm vc_hidden-xs&#8221;][\/vc_column_inner][\/vc_row_inner][vc_row_inner css=&#8221;.vc_custom_1513613877158{margin-top: 10px !important;margin-bottom: 35px !important;}&#8221;][vc_column_inner width=&#8221;1\/2&#8243; css=&#8221;.vc_custom_1522313756272{padding-left: 0px !important;}&#8221; offset=&#8221;vc_col-lg-offset-0 vc_col-lg-6 vc_col-md-offset-1 vc_col-md-4 vc_col-xs-12&#8243;][vc_column_text css_animation=&#8221;fadeIn&#8221; css=&#8221;&#8221;]<\/p>\n<ul>\n<li>Usinage CNC<\/li>\n<li>Usinage conventionnel<\/li>\n<li>D\u00e9grossissage avant finition<\/li>\n<li>Soudure<\/li>\n<li>D\u00e9coupe au laser, plasma et jet d\u2019eau<\/li>\n<\/ul>\n<p>[\/vc_column_text][\/vc_column_inner][vc_column_inner width=&#8221;1\/2&#8243; offset=&#8221;vc_col-lg-6 vc_col-md-6 vc_col-xs-12&#8243; css=&#8221;.vc_custom_1522313619560{margin-left: -50px !important;}&#8221;][vc_column_text css_animation=&#8221;fadeIn&#8221; css=&#8221;&#8221;]<\/p>\n<ul>\n<li>Assemblage<\/li>\n<li>Recouvrement<\/li>\n<li>Placage \/ Traitement thermique<\/li>\n<li>Pliage<\/li>\n<\/ul>\n<p>[\/vc_column_text][\/vc_column_inner][\/vc_row_inner][vc_row_inner css=&#8221;.vc_custom_1522314825805{padding-left: 0px !important;}&#8221;][vc_column_inner css=&#8221;.vc_custom_1541519966835{margin-bottom: 20px !important;padding-left: 0px !important;}&#8221; offset=&#8221;vc_col-lg-offset-0 vc_col-md-offset-1 vc_col-sm-offset-0&#8243;]<a  href=\"https:\/\/dev.miecinc.ca\/#nousjoindre\"  target=\"_self\"  title=\"Accueil\" class=\"tt_button tt_secondary_button btn_primary_color  pull-left button-action-link  kd-animated zoomIn\" data-animation-delay=200><span class=\"prim_text\">Nous joindre<\/span><\/a>[\/vc_column_inner][\/vc_row_inner][\/vc_column][vc_column width=&#8221;1\/2&#8243; css=&#8221;.vc_custom_1539591979391{padding-left: 0px !important;}&#8221; offset=&#8221;vc_col-lg-6 vc_col-md-12&#8243;][vc_single_image image=&#8221;122&#8243; img_size=&#8221;large&#8221; alignment=&#8221;center&#8221; css_animation=&#8221;fadeIn&#8221; css=&#8221;.vc_custom_1772731069160{margin-bottom: 0px !important;}&#8221;][\/vc_column][\/vc_row][vc_row full_width=&#8221;stretch_row&#8221; kd_image_overlay_color=&#8221;#000000B8&#8243; kd_image_overlay=&#8221;true&#8221; css=&#8221;.vc_custom_1772731287451{padding-top: 100px !important;padding-bottom: 100px !important;background: #1A1A1A82 url(http:\/\/dev.miecinc.ca\/wp-content\/uploads\/2026\/03\/le-trung-IOnX2aen4jY-unsplash-scaled.jpg?id=123) !important;background-position: center !important;background-repeat: no-repeat !important;background-size: cover !important;}&#8221; el_id=&#8221;about&#8221; top_section_title=&#8221;&#8221; bottom_section_title=&#8221;&#8221;][vc_column width=&#8221;1\/2&#8243; offset=&#8221;vc_col-lg-6 vc_col-md-12&#8243;][vc_single_image image=&#8221;34&#8243; img_size=&#8221;large&#8221; css=&#8221;&#8221;][\/vc_column][vc_column width=&#8221;1\/2&#8243; css=&#8221;.vc_custom_1539615221909{padding-left: 100px !important;}&#8221; offset=&#8221;vc_col-lg-6 vc_col-md-12&#8243;][vc_row_inner][vc_column_inner][vc_column_text css=&#8221;&#8221;]<span style=\"color: #ffffff;\">Nous r\u00e9alisons des productions \u00e0 petite et grande \u00e9chelle ainsi que des pi\u00e8ces prototypes. Nos machines \u00e0 commande num\u00e9rique conviennent au tournage et au fraisage en utilisant la programmation Mastercam sur ordinateur. Nous travaillons avec l&#8217;<strong>aluminium, l&#8217;acier inoxydable, le cuivre, le laiton, les mat\u00e9riaux trait\u00e9s thermiquement, les barres pleines et rondes, les tubes, les plastiques, la fonte et plus<\/strong>.<\/span>[\/vc_column_text][\/vc_column_inner][\/vc_row_inner][vc_row_inner][vc_column_inner][vc_column_text css=&#8221;&#8221;]<span style=\"color: #ffffff;\">Nous portons un regard critique sur la conception et la fonctionnalit\u00e9 des pi\u00e8ces que nous produisons. Nous prenons le temps n\u00e9cessaire pour rechercher des\u00a0<strong>\u00e9conomies de co\u00fbts et une efficacit\u00e9 optimale<\/strong>\u00a0\u00e0 la fois dans nos processus et dans l&#8217;int\u00e9gration de la pi\u00e8ce dans l&#8217;assemblage final, ainsi que sur les performances de la pi\u00e8ce dans son application finale.<\/span>[\/vc_column_text][\/vc_column_inner][\/vc_row_inner][vc_row_inner][vc_column_inner][vc_column_text css=&#8221;&#8221;]<span style=\"color: #ffffff;\">Nous nous sommes engag\u00e9s \u00e0 \u00eatre un atelier d&#8217;usinage de pr\u00e9cision. Pour ce faire, nous fournirons \u00e0 nos clients un\u00a0<strong>produit d&#8217;une qualit\u00e9 exceptionnelle<\/strong>, tout en maintenant un calendrier de livraison flexible et adapt\u00e9 \u00e0 leurs besoins. Nous valoriserons nos relations avec nos clients et nos employ\u00e9s et nous continuerons \u00e0 nous adapter et \u00e0 r\u00e9pondre \u00e0 leurs besoins en constante \u00e9volution avec\u00a0<strong>honn\u00eatet\u00e9 et int\u00e9grit\u00e9<\/strong>.<\/span>[\/vc_column_text][\/vc_column_inner][\/vc_row_inner][\/vc_column][vc_column css=&#8221;.vc_custom_1772731439735{border-radius: 2px !important;}&#8221;][vc_column_text css=&#8221;.vc_custom_1772732064068{padding-top: 1em !important;padding-right: 1em !important;padding-left: 1em !important;}&#8221;]<\/p>\n<h3><span style=\"color: #ffffff;\">Nous sommes LA source pour tous vos besoins d&#8217;usinage<\/span><\/h3>\n<p>[\/vc_column_text][\/vc_column][\/vc_row][vc_row full_width=&#8221;stretch_row&#8221; equal_height=&#8221;yes&#8221; content_placement=&#8221;middle&#8221; css=&#8221;.vc_custom_1772729873451{background: #1a1a1a url(https:\/\/www.ekko-wp.com\/static\/wp-content\/uploads\/sites\/3\/2018\/10\/parallax.jpg?id=) !important;}&#8221; el_id=&#8221;soumission&#8221; top_section_title=&#8221;&#8221; bottom_section_title=&#8221;&#8221;][vc_column width=&#8221;1\/2&#8243; css=&#8221;.vc_custom_1540804461787{padding-right: 0px !important;}&#8221;][vc_row_inner css=&#8221;.vc_custom_1515169879926{padding-top: 100px !important;padding-bottom: 100px !important;}&#8221;][vc_column_inner css=&#8221;.vc_custom_1541507068839{padding-top: 56px !important;padding-right: 60px !important;padding-bottom: 35px !important;padding-left: 60px !important;background-color: #ffffff !important;border-radius: 5px !important;}&#8221; el_id=&#8221;contact-form-box&#8221;]<header class=\"kd-section-title col-lg-12 text-center  kd-animated fadeIn   vc_custom_1771347778230\" data-animation-delay=200><h2 class=\"separator_off\" >Transmettez-nous votre soumission<\/h2><\/header>[vc_empty_space height=&#8221;10px&#8221;]<div class=\"kd-contact-form full-width-cf\" >\n<div class=\"wpcf7 no-js\" id=\"wpcf7-f104-o1\" lang=\"en-US\" dir=\"ltr\" data-wpcf7-id=\"104\">\n<div class=\"screen-reader-response\"><p role=\"status\" aria-live=\"polite\" aria-atomic=\"true\"><\/p> <ul><\/ul><\/div>\n<form action=\"\/index.php?rest_route=%2Fwp%2Fv2%2Fpages%2F137#wpcf7-f104-o1\" method=\"post\" class=\"wpcf7-form init\" aria-label=\"Contact form\" enctype=\"multipart\/form-data\" novalidate=\"novalidate\" data-status=\"init\">\n<fieldset class=\"hidden-fields-container\"><input type=\"hidden\" name=\"_wpcf7\" value=\"104\" \/><input type=\"hidden\" name=\"_wpcf7_version\" value=\"6.1.5\" \/><input type=\"hidden\" name=\"_wpcf7_locale\" value=\"en_US\" \/><input type=\"hidden\" name=\"_wpcf7_unit_tag\" value=\"wpcf7-f104-o1\" \/><input type=\"hidden\" name=\"_wpcf7_container_post\" value=\"0\" \/><input type=\"hidden\" name=\"_wpcf7_posted_data_hash\" value=\"\" \/>\n<\/fieldset>\n<p><label> Votre nom<br \/>\n<span class=\"wpcf7-form-control-wrap\" data-name=\"your-name\"><input size=\"40\" maxlength=\"400\" class=\"wpcf7-form-control wpcf7-text wpcf7-validates-as-required\" autocomplete=\"name\" aria-required=\"true\" aria-invalid=\"false\" value=\"\" type=\"text\" name=\"your-name\" \/><\/span> <\/label>\n<\/p>\n<p><label> Votre adresse courriel<br \/>\n<span class=\"wpcf7-form-control-wrap\" data-name=\"your-email\"><input size=\"40\" maxlength=\"400\" class=\"wpcf7-form-control wpcf7-email wpcf7-validates-as-required wpcf7-text wpcf7-validates-as-email\" autocomplete=\"email\" aria-required=\"true\" aria-invalid=\"false\" value=\"\" type=\"email\" name=\"your-email\" \/><\/span> <\/label>\n<\/p>\n<p><label> Sujet<br \/>\n<span class=\"wpcf7-form-control-wrap\" data-name=\"your-subject\"><input size=\"40\" maxlength=\"400\" class=\"wpcf7-form-control wpcf7-text wpcf7-validates-as-required\" aria-required=\"true\" aria-invalid=\"false\" value=\"\" type=\"text\" name=\"your-subject\" \/><\/span> <\/label>\n<\/p>\n<p><label> Votre message<br \/>\n<span class=\"wpcf7-form-control-wrap\" data-name=\"your-message\"><textarea cols=\"40\" rows=\"10\" maxlength=\"2000\" class=\"wpcf7-form-control wpcf7-textarea\" aria-invalid=\"false\" name=\"your-message\"><\/textarea><\/span> <\/label>\n<\/p>\n<p><label> Joindre un fichier <span class=\"wpcf7-form-control-wrap\" data-name=\"file-327\"><input size=\"40\" class=\"wpcf7-form-control wpcf7-file\" accept=\"audio\/*,video\/*,image\/*\" aria-invalid=\"false\" type=\"file\" name=\"file-327\" \/><\/span><\/label>\n<\/p>\n<p><input class=\"wpcf7-form-control wpcf7-submit has-spinner\" type=\"submit\" value=\"Submit\" \/>\n<\/p><div class=\"wpcf7-response-output\" aria-hidden=\"true\"><\/div>\n<\/form>\n<\/div>\n<\/div>[\/vc_column_inner][\/vc_row_inner][\/vc_column][vc_column width=&#8221;1\/2&#8243;]<div class=\"kd-alertbox kd-contact-alertbox ab_info kd_map_alert\">\r\n                        <div class=\"ab-icon\"><i class=\"fas fa-exclamation-triangle\"><\/i><\/div>\r\n                        <div class=\"ab-message\"><p><\/p>\r\n                        <p>Google maps requires a valid API key in order to work.<br> You can add it in Dashboard > Ekko > Theme Options > Global Options. Generate a new API key from https:\/\/developers.google.com\/maps<\/p><\/div>\r\n                        <a href=\"#\" class=\"ab-close\"><i class=\"fas fa-times\"><\/i><\/a>\r\n                        <\/div><div class=\"contact-map-container hidden_info_panel\" ><div id=\"kd69ee08e8f0725\" class=\"kd_map\" ><\/div>\r\n\r\n            <\/div>[\/vc_column][\/vc_row]<\/p>\n<\/div>","protected":false},"excerpt":{"rendered":"<p>[vc_row full_width=&#8221;stretch_row&#8221; kd_image_overlay_color=&#8221;#00000000&#8243; kd_fixed_background=&#8221;true&#8221; kd_image_overlay=&#8221;true&#8221; css=&#8221;.vc_custom_1771346770850{padding-top: 280px !important;padding-bottom: 150px !important;background-image: url(http:\/\/dev.miecinc.ca\/wp-content\/uploads\/2026\/01\/iStock-154368811-smaller.jpg?id=41) !important;background-position: center !important;background-repeat: no-repeat !important;background-size: cover !important;}&#8221;][vc_column width=&#8221;1\/2&#8243; css=&#8221;.vc_custom_1771346819092{padding-right: [&hellip;]<\/p>\n","protected":false},"author":1,"featured_media":0,"parent":0,"menu_order":0,"comment_status":"closed","ping_status":"closed","template":"","meta":{"footnotes":""},"class_list":["post-137","page","type-page","status-publish","hentry"],"_links":{"self":[{"href":"https:\/\/dev.miecinc.ca\/index.php?rest_route=\/wp\/v2\/pages\/137","targetHints":{"allow":["GET"]}}],"collection":[{"href":"https:\/\/dev.miecinc.ca\/index.php?rest_route=\/wp\/v2\/pages"}],"about":[{"href":"https:\/\/dev.miecinc.ca\/index.php?rest_route=\/wp\/v2\/types\/page"}],"author":[{"embeddable":true,"href":"https:\/\/dev.miecinc.ca\/index.php?rest_route=\/wp\/v2\/users\/1"}],"replies":[{"embeddable":true,"href":"https:\/\/dev.miecinc.ca\/index.php?rest_route=%2Fwp%2Fv2%2Fcomments&post=137"}],"version-history":[{"count":1,"href":"https:\/\/dev.miecinc.ca\/index.php?rest_route=\/wp\/v2\/pages\/137\/revisions"}],"predecessor-version":[{"id":138,"href":"https:\/\/dev.miecinc.ca\/index.php?rest_route=\/wp\/v2\/pages\/137\/revisions\/138"}],"wp:attachment":[{"href":"https:\/\/dev.miecinc.ca\/index.php?rest_route=%2Fwp%2Fv2%2Fmedia&parent=137"}],"curies":[{"name":"wp","href":"https:\/\/api.w.org\/{rel}","templated":true}]}}